{"id":18709,"date":"2025-11-20T11:04:26","date_gmt":"2025-11-20T11:04:26","guid":{"rendered":"https:\/\/thykkvabaejar.is\/?post_type=product&#038;p=18709"},"modified":"2025-11-21T09:32:37","modified_gmt":"2025-11-21T09:32:37","slug":"thykkvabaejar-islenskar-kartoflur-1-kg-poki-2","status":"publish","type":"product","link":"https:\/\/thykkvabaejar.is\/en\/vorur\/thykkvabaejar-islenskar-kartoflur-1-kg-poki-2\/","title":{"rendered":"\u00deykkvab\u00e6jar \u00cdslenskar kart\u00f6flur 1 kg poki"},"content":{"rendered":"","protected":false},"excerpt":{"rendered":"","protected":false},"featured_media":18710,"template":"","meta":[],"product_cat":[125,101],"product_tag":[126],"acf":[],"_links":{"self":[{"href":"https:\/\/thykkvabaejar.is\/en\/wp-json\/wp\/v2\/product\/18709"}],"collection":[{"href":"https:\/\/thykkvabaejar.is\/en\/wp-json\/wp\/v2\/product"}],"about":[{"href":"https:\/\/thykkvabaejar.is\/en\/wp-json\/wp\/v2\/types\/product"}],"wp:featuredmedia":[{"embeddable":true,"href":"https:\/\/thykkvabaejar.is\/en\/wp-json\/wp\/v2\/media\/18710"}],"wp:attachment":[{"href":"https:\/\/thykkvabaejar.is\/en\/wp-json\/wp\/v2\/media?parent=18709"}],"wp:term":[{"taxonomy":"product_cat","embeddable":true,"href":"https:\/\/thykkvabaejar.is\/en\/wp-json\/wp\/v2\/product_cat?post=18709"},{"taxonomy":"product_tag","embeddable":true,"href":"https:\/\/thykkvabaejar.is\/en\/wp-json\/wp\/v2\/product_tag?post=18709"}],"curies":[{"name":"wp","href":"https:\/\/api.w.org\/{rel}","templated":true}]}}