{"id":16417,"date":"2022-02-03T11:01:13","date_gmt":"2022-02-03T11:01:13","guid":{"rendered":"https:\/\/thykkvabaejar.is\/?post_type=product&#038;p=16417"},"modified":"2025-11-21T09:38:56","modified_gmt":"2025-11-21T09:38:56","slug":"thykkvabaejar-islenskar-kartoflur-1-kg-poki","status":"publish","type":"product","link":"https:\/\/thykkvabaejar.is\/en\/vorur\/thykkvabaejar-islenskar-kartoflur-1-kg-poki\/","title":{"rendered":"\u00deykkvab\u00e6jar \u00cdslenskt Gullauga 1 kg poki"},"content":{"rendered":"","protected":false},"excerpt":{"rendered":"","protected":false},"featured_media":18143,"template":"","meta":[],"product_cat":[125,101],"product_tag":[126],"acf":[],"_links":{"self":[{"href":"https:\/\/thykkvabaejar.is\/en\/wp-json\/wp\/v2\/product\/16417"}],"collection":[{"href":"https:\/\/thykkvabaejar.is\/en\/wp-json\/wp\/v2\/product"}],"about":[{"href":"https:\/\/thykkvabaejar.is\/en\/wp-json\/wp\/v2\/types\/product"}],"wp:featuredmedia":[{"embeddable":true,"href":"https:\/\/thykkvabaejar.is\/en\/wp-json\/wp\/v2\/media\/18143"}],"wp:attachment":[{"href":"https:\/\/thykkvabaejar.is\/en\/wp-json\/wp\/v2\/media?parent=16417"}],"wp:term":[{"taxonomy":"product_cat","embeddable":true,"href":"https:\/\/thykkvabaejar.is\/en\/wp-json\/wp\/v2\/product_cat?post=16417"},{"taxonomy":"product_tag","embeddable":true,"href":"https:\/\/thykkvabaejar.is\/en\/wp-json\/wp\/v2\/product_tag?post=16417"}],"curies":[{"name":"wp","href":"https:\/\/api.w.org\/{rel}","templated":true}]}}