{"id":308,"date":"2019-12-10T19:59:23","date_gmt":"2019-12-10T19:59:23","guid":{"rendered":"https:\/\/somi.is\/?page_id=308"},"modified":"2022-11-09T07:46:55","modified_gmt":"2022-11-09T07:46:55","slug":"contact","status":"publish","type":"page","link":"https:\/\/thykkvabaejar.is\/en\/contact\/","title":{"rendered":"Contact"},"content":{"rendered":"\n<p>Office hours &#8211; Gilsb\u00fa\u00f0 9. 210 Gar\u00f0ab\u00e6<br> 8:00-16:00 mon-fri. Closed sat-sun.<\/p>\n\n\n\n<p>Service hours &#8211; Austurhraun 5. 210 Gar\u00f0ab\u00e6<br> 8:00-15:00 mon-fri. Closes sat-sun<\/p>\n","protected":false},"excerpt":{"rendered":"<p>Office hours &#8211; Gilsb\u00fa\u00f0 9. 210 Gar\u00f0ab\u00e6 8:00-16:00 mon-fri. Closed sat-sun. Service hours &#8211; Austurhraun 5. 210 Gar\u00f0ab\u00e6 8:00-15:00 mon-fri. Closes sat-sun<\/p>\n","protected":false},"author":2,"featured_media":0,"parent":0,"menu_order":0,"comment_status":"closed","ping_status":"closed","template":"templates\/contact.template.php","meta":[],"acf":[],"_links":{"self":[{"href":"https:\/\/thykkvabaejar.is\/en\/wp-json\/wp\/v2\/pages\/308"}],"collection":[{"href":"https:\/\/thykkvabaejar.is\/en\/wp-json\/wp\/v2\/pages"}],"about":[{"href":"https:\/\/thykkvabaejar.is\/en\/wp-json\/wp\/v2\/types\/page"}],"author":[{"embeddable":true,"href":"https:\/\/thykkvabaejar.is\/en\/wp-json\/wp\/v2\/users\/2"}],"replies":[{"embeddable":true,"href":"https:\/\/thykkvabaejar.is\/en\/wp-json\/wp\/v2\/comments?post=308"}],"version-history":[{"count":10,"href":"https:\/\/thykkvabaejar.is\/en\/wp-json\/wp\/v2\/pages\/308\/revisions"}],"predecessor-version":[{"id":16854,"href":"https:\/\/thykkvabaejar.is\/en\/wp-json\/wp\/v2\/pages\/308\/revisions\/16854"}],"wp:attachment":[{"href":"https:\/\/thykkvabaejar.is\/en\/wp-json\/wp\/v2\/media?parent=308"}],"curies":[{"name":"wp","href":"https:\/\/api.w.org\/{rel}","templated":true}]}}